{"id":1985,"date":"2025-09-26T09:51:16","date_gmt":"2025-09-26T07:51:16","guid":{"rendered":"https:\/\/marlenscharf.com\/?post_type=product&#038;p=1985"},"modified":"2025-10-25T13:49:52","modified_gmt":"2025-10-25T11:49:52","slug":"workshop","status":"publish","type":"product","link":"https:\/\/marlenscharf.com\/en\/product\/workshop\/","title":{"rendered":"Kundalini Yoga &amp; Intuitive Painting"},"content":{"rendered":"<p>F\u00fcr den Workshop ben\u00f6tigst du keine Vorerfahrung und kein eigenes Equipment.<br \/>\nAlle Materialien sind bereits im Preis enthalten.<\/p>\n<p>Maximal 8 Teilnehmer.<\/p>","protected":false},"excerpt":{"rendered":"<p data-start=\"48\" data-end=\"110\"><strong data-start=\"48\" data-end=\"108\">Dein kreativer Abend in Potsdam<\/strong><\/p>\n<p data-start=\"112\" data-end=\"383\">Kundalini Yoga bringt dich in Bewegung, l\u00f6st Blockaden und \u00f6ffnet den Raum f\u00fcr das, was in dir wirken m\u00f6chte. Direkt danach greifst du zu den Farben: ohne Bewertung, ohne richtig oder falsch. Dein Bild entsteht frei aus dem Moment und wird zu deinem pers\u00f6nlichen Anker.<\/p>\n<p data-start=\"385\" data-end=\"488\">Du bist Teil einer kleinen, getragenen Runde \u2013 zwischen intensiver Yogapraxis und kreativem Ausdruck.<\/p>\n<p data-start=\"490\" data-end=\"595\"><strong>TERMIN:<\/strong> Freitag, 13.02.2026, 17:00 \u2013 ca. 21:00 Uhr<br data-start=\"538\" data-end=\"541\" \/><strong>LOCATION: \u00a0<\/strong>Galerie am J\u00e4gertor, Lindenstra\u00dfe 64, Potsdam<\/p>","protected":false},"featured_media":215,"comment_status":"open","ping_status":"closed","template":"","meta":{"ocean_post_layout":"full-screen","ocean_both_sidebars_style":"","ocean_both_sidebars_content_width":0,"ocean_both_sidebars_sidebars_width":0,"ocean_sidebar":"0","ocean_second_sidebar":"0","ocean_disable_margins":"on","ocean_add_body_class":"","ocean_shortcode_before_top_bar":"","ocean_shortcode_after_top_bar":"","ocean_shortcode_before_header":"","ocean_shortcode_after_header":"","ocean_has_shortcode":"","ocean_shortcode_after_title":"","ocean_shortcode_before_footer_widgets":"","ocean_shortcode_after_footer_widgets":"","ocean_shortcode_before_footer_bottom":"","ocean_shortcode_after_footer_bottom":"","ocean_display_top_bar":"off","ocean_display_header":"default","ocean_header_style":"","ocean_center_header_left_menu":"0","ocean_custom_header_template":"0","ocean_custom_logo":0,"ocean_custom_retina_logo":0,"ocean_custom_logo_max_width":0,"ocean_custom_logo_tablet_max_width":0,"ocean_custom_logo_mobile_max_width":0,"ocean_custom_logo_max_height":0,"ocean_custom_logo_tablet_max_height":0,"ocean_custom_logo_mobile_max_height":0,"ocean_header_custom_menu":"0","ocean_menu_typo_font_family":"0","ocean_menu_typo_font_subset":"","ocean_menu_typo_font_size":0,"ocean_menu_typo_font_size_tablet":0,"ocean_menu_typo_font_size_mobile":0,"ocean_menu_typo_font_size_unit":"px","ocean_menu_typo_font_weight":"","ocean_menu_typo_font_weight_tablet":"","ocean_menu_typo_font_weight_mobile":"","ocean_menu_typo_transform":"","ocean_menu_typo_transform_tablet":"","ocean_menu_typo_transform_mobile":"","ocean_menu_typo_line_height":0,"ocean_menu_typo_line_height_tablet":0,"ocean_menu_typo_line_height_mobile":0,"ocean_menu_typo_line_height_unit":"","ocean_menu_typo_spacing":0,"ocean_menu_typo_spacing_tablet":0,"ocean_menu_typo_spacing_mobile":0,"ocean_menu_typo_spacing_unit":"","ocean_menu_link_color":"","ocean_menu_link_color_hover":"","ocean_menu_link_color_active":"","ocean_menu_link_background":"","ocean_menu_link_hover_background":"","ocean_menu_link_active_background":"","ocean_menu_social_links_bg":"","ocean_menu_social_hover_links_bg":"","ocean_menu_social_links_color":"","ocean_menu_social_hover_links_color":"","ocean_disable_title":"on","ocean_disable_heading":"default","ocean_post_title":"","ocean_post_subheading":"","ocean_post_title_style":"","ocean_post_title_background_color":"","ocean_post_title_background":0,"ocean_post_title_bg_image_position":"","ocean_post_title_bg_image_attachment":"","ocean_post_title_bg_image_repeat":"","ocean_post_title_bg_image_size":"","ocean_post_title_height":0,"ocean_post_title_bg_overlay":0.5,"ocean_post_title_bg_overlay_color":"","ocean_disable_breadcrumbs":"default","ocean_breadcrumbs_color":"","ocean_breadcrumbs_separator_color":"","ocean_breadcrumbs_links_color":"","ocean_breadcrumbs_links_hover_color":"","ocean_display_footer_widgets":"default","ocean_display_footer_bottom":"default","ocean_custom_footer_template":"0"},"product_brand":[],"product_cat":[23],"product_tag":[26,25,24],"class_list":{"0":"post-1985","1":"product","2":"type-product","3":"status-publish","4":"has-post-thumbnail","6":"product_cat-workshop","7":"product_tag-intuitives-malen","8":"product_tag-kundalini-yoga","9":"product_tag-workshop","11":"entry","12":"has-media","14":"first","15":"instock","16":"virtual","17":"taxable","18":"purchasable","19":"product-type-simple","20":"has-product-nav","21":"col","22":"span_1_of_3","23":"owp-content-center","24":"owp-thumbs-layout-horizontal","25":"owp-btn-very-big","26":"owp-tabs-layout-horizontal"},"yoast_head":"<!-- This site is optimized with the Yoast SEO plugin v27.3 - https:\/\/yoast.com\/product\/yoast-seo-wordpress\/ -->\n<title>Kundalini Yoga &amp; Intuitives Malen - marlenscharf.com<\/title>\n<meta name=\"robots\" content=\"index, follow, max-snippet:-1, max-image-preview:large, max-video-preview:-1\" \/>\n<link rel=\"canonical\" href=\"https:\/\/marlenscharf.com\/en\/product\/workshop\/\" \/>\n<meta property=\"og:locale\" content=\"en_GB\" \/>\n<meta property=\"og:type\" content=\"article\" \/>\n<meta property=\"og:title\" content=\"Kundalini Yoga &amp; Intuitives Malen - marlenscharf.com\" \/>\n<meta property=\"og:description\" content=\"Dein kreativer Abend in Potsdam Kundalini Yoga bringt dich in Bewegung, l\u00f6st Blockaden und \u00f6ffnet den Raum f\u00fcr das, was in dir wirken m\u00f6chte. Direkt danach greifst du zu den Farben: ohne Bewertung, ohne richtig oder falsch. Dein Bild entsteht frei aus dem Moment und wird zu deinem pers\u00f6nlichen Anker. Du bist Teil einer kleinen, getragenen Runde \u2013 zwischen intensiver Yogapraxis und kreativem Ausdruck. TERMIN: Freitag, 13.02.2026, 17:00 \u2013 ca. 21:00 UhrLOCATION: \u00a0Galerie am J\u00e4gertor, Lindenstra\u00dfe 64, Potsdam\" \/>\n<meta property=\"og:url\" content=\"https:\/\/marlenscharf.com\/en\/product\/workshop\/\" \/>\n<meta property=\"og:site_name\" content=\"marlenscharf.com\" \/>\n<meta property=\"article:modified_time\" content=\"2025-10-25T11:49:52+00:00\" \/>\n<meta property=\"og:image\" content=\"https:\/\/marlenscharf.com\/wp-content\/uploads\/2025\/09\/workshop-marlenscharf.jpeg\" \/>\n\t<meta property=\"og:image:width\" content=\"828\" \/>\n\t<meta property=\"og:image:height\" content=\"1092\" \/>\n\t<meta property=\"og:image:type\" content=\"image\/jpeg\" \/>\n<meta name=\"twitter:card\" content=\"summary_large_image\" \/>\n<meta name=\"twitter:label1\" content=\"Estimated reading time\" \/>\n\t<meta name=\"twitter:data1\" content=\"1 minute\" \/>\n<script type=\"application\/ld+json\" class=\"yoast-schema-graph\">{\"@context\":\"https:\\\/\\\/schema.org\",\"@graph\":[{\"@type\":\"WebPage\",\"@id\":\"https:\\\/\\\/marlenscharf.com\\\/produkt\\\/workshop\\\/\",\"url\":\"https:\\\/\\\/marlenscharf.com\\\/produkt\\\/workshop\\\/\",\"name\":\"Kundalini Yoga & Intuitives Malen - marlenscharf.com\",\"isPartOf\":{\"@id\":\"https:\\\/\\\/marlenscharf.com\\\/#website\"},\"primaryImageOfPage\":{\"@id\":\"https:\\\/\\\/marlenscharf.com\\\/produkt\\\/workshop\\\/#primaryimage\"},\"image\":{\"@id\":\"https:\\\/\\\/marlenscharf.com\\\/produkt\\\/workshop\\\/#primaryimage\"},\"thumbnailUrl\":\"https:\\\/\\\/marlenscharf.com\\\/wp-content\\\/uploads\\\/2025\\\/09\\\/workshop-marlenscharf.jpeg\",\"datePublished\":\"2025-09-26T07:51:16+00:00\",\"dateModified\":\"2025-10-25T11:49:52+00:00\",\"breadcrumb\":{\"@id\":\"https:\\\/\\\/marlenscharf.com\\\/produkt\\\/workshop\\\/#breadcrumb\"},\"inLanguage\":\"en-GB\",\"potentialAction\":[{\"@type\":\"ReadAction\",\"target\":[\"https:\\\/\\\/marlenscharf.com\\\/produkt\\\/workshop\\\/\"]}]},{\"@type\":\"ImageObject\",\"inLanguage\":\"en-GB\",\"@id\":\"https:\\\/\\\/marlenscharf.com\\\/produkt\\\/workshop\\\/#primaryimage\",\"url\":\"https:\\\/\\\/marlenscharf.com\\\/wp-content\\\/uploads\\\/2025\\\/09\\\/workshop-marlenscharf.jpeg\",\"contentUrl\":\"https:\\\/\\\/marlenscharf.com\\\/wp-content\\\/uploads\\\/2025\\\/09\\\/workshop-marlenscharf.jpeg\",\"width\":828,\"height\":1092,\"caption\":\"Kreativer Workshop in Potsdam in der Galerie von Marlen Scharf\"},{\"@type\":\"BreadcrumbList\",\"@id\":\"https:\\\/\\\/marlenscharf.com\\\/produkt\\\/workshop\\\/#breadcrumb\",\"itemListElement\":[{\"@type\":\"ListItem\",\"position\":1,\"name\":\"Startseite\",\"item\":\"https:\\\/\\\/marlenscharf.com\\\/\"},{\"@type\":\"ListItem\",\"position\":2,\"name\":\"Shop\",\"item\":\"https:\\\/\\\/marlenscharf.com\\\/shop\\\/\"},{\"@type\":\"ListItem\",\"position\":3,\"name\":\"Kundalini Yoga &#038; Intuitives Malen\"}]},{\"@type\":\"WebSite\",\"@id\":\"https:\\\/\\\/marlenscharf.com\\\/#website\",\"url\":\"https:\\\/\\\/marlenscharf.com\\\/\",\"name\":\"marlenscharf.com\",\"description\":\"\",\"potentialAction\":[{\"@type\":\"SearchAction\",\"target\":{\"@type\":\"EntryPoint\",\"urlTemplate\":\"https:\\\/\\\/marlenscharf.com\\\/?s={search_term_string}\"},\"query-input\":{\"@type\":\"PropertyValueSpecification\",\"valueRequired\":true,\"valueName\":\"search_term_string\"}}],\"inLanguage\":\"en-GB\"}]}<\/script>\n<!-- \/ Yoast SEO plugin. -->","yoast_head_json":{"title":"Kundalini Yoga & Intuitives Malen - marlenscharf.com","robots":{"index":"index","follow":"follow","max-snippet":"max-snippet:-1","max-image-preview":"max-image-preview:large","max-video-preview":"max-video-preview:-1"},"canonical":"https:\/\/marlenscharf.com\/en\/product\/workshop\/","og_locale":"en_GB","og_type":"article","og_title":"Kundalini Yoga & Intuitives Malen - marlenscharf.com","og_description":"Dein kreativer Abend in Potsdam Kundalini Yoga bringt dich in Bewegung, l\u00f6st Blockaden und \u00f6ffnet den Raum f\u00fcr das, was in dir wirken m\u00f6chte. Direkt danach greifst du zu den Farben: ohne Bewertung, ohne richtig oder falsch. Dein Bild entsteht frei aus dem Moment und wird zu deinem pers\u00f6nlichen Anker. Du bist Teil einer kleinen, getragenen Runde \u2013 zwischen intensiver Yogapraxis und kreativem Ausdruck. TERMIN: Freitag, 13.02.2026, 17:00 \u2013 ca. 21:00 UhrLOCATION: \u00a0Galerie am J\u00e4gertor, Lindenstra\u00dfe 64, Potsdam","og_url":"https:\/\/marlenscharf.com\/en\/product\/workshop\/","og_site_name":"marlenscharf.com","article_modified_time":"2025-10-25T11:49:52+00:00","og_image":[{"width":828,"height":1092,"url":"https:\/\/marlenscharf.com\/wp-content\/uploads\/2025\/09\/workshop-marlenscharf.jpeg","type":"image\/jpeg"}],"twitter_card":"summary_large_image","twitter_misc":{"Estimated reading time":"1 minute"},"schema":{"@context":"https:\/\/schema.org","@graph":[{"@type":"WebPage","@id":"https:\/\/marlenscharf.com\/produkt\/workshop\/","url":"https:\/\/marlenscharf.com\/produkt\/workshop\/","name":"Kundalini Yoga & Intuitives Malen - marlenscharf.com","isPartOf":{"@id":"https:\/\/marlenscharf.com\/#website"},"primaryImageOfPage":{"@id":"https:\/\/marlenscharf.com\/produkt\/workshop\/#primaryimage"},"image":{"@id":"https:\/\/marlenscharf.com\/produkt\/workshop\/#primaryimage"},"thumbnailUrl":"https:\/\/marlenscharf.com\/wp-content\/uploads\/2025\/09\/workshop-marlenscharf.jpeg","datePublished":"2025-09-26T07:51:16+00:00","dateModified":"2025-10-25T11:49:52+00:00","breadcrumb":{"@id":"https:\/\/marlenscharf.com\/produkt\/workshop\/#breadcrumb"},"inLanguage":"en-GB","potentialAction":[{"@type":"ReadAction","target":["https:\/\/marlenscharf.com\/produkt\/workshop\/"]}]},{"@type":"ImageObject","inLanguage":"en-GB","@id":"https:\/\/marlenscharf.com\/produkt\/workshop\/#primaryimage","url":"https:\/\/marlenscharf.com\/wp-content\/uploads\/2025\/09\/workshop-marlenscharf.jpeg","contentUrl":"https:\/\/marlenscharf.com\/wp-content\/uploads\/2025\/09\/workshop-marlenscharf.jpeg","width":828,"height":1092,"caption":"Kreativer Workshop in Potsdam in der Galerie von Marlen Scharf"},{"@type":"BreadcrumbList","@id":"https:\/\/marlenscharf.com\/produkt\/workshop\/#breadcrumb","itemListElement":[{"@type":"ListItem","position":1,"name":"Startseite","item":"https:\/\/marlenscharf.com\/"},{"@type":"ListItem","position":2,"name":"Shop","item":"https:\/\/marlenscharf.com\/shop\/"},{"@type":"ListItem","position":3,"name":"Kundalini Yoga &#038; Intuitives Malen"}]},{"@type":"WebSite","@id":"https:\/\/marlenscharf.com\/#website","url":"https:\/\/marlenscharf.com\/","name":"marlenscharf.com","description":"","potentialAction":[{"@type":"SearchAction","target":{"@type":"EntryPoint","urlTemplate":"https:\/\/marlenscharf.com\/?s={search_term_string}"},"query-input":{"@type":"PropertyValueSpecification","valueRequired":true,"valueName":"search_term_string"}}],"inLanguage":"en-GB"}]}},"_links":{"self":[{"href":"https:\/\/marlenscharf.com\/en\/wp-json\/wp\/v2\/product\/1985","targetHints":{"allow":["GET"]}}],"collection":[{"href":"https:\/\/marlenscharf.com\/en\/wp-json\/wp\/v2\/product"}],"about":[{"href":"https:\/\/marlenscharf.com\/en\/wp-json\/wp\/v2\/types\/product"}],"replies":[{"embeddable":true,"href":"https:\/\/marlenscharf.com\/en\/wp-json\/wp\/v2\/comments?post=1985"}],"wp:featuredmedia":[{"embeddable":true,"href":"https:\/\/marlenscharf.com\/en\/wp-json\/wp\/v2\/media\/215"}],"wp:attachment":[{"href":"https:\/\/marlenscharf.com\/en\/wp-json\/wp\/v2\/media?parent=1985"}],"wp:term":[{"taxonomy":"product_brand","embeddable":true,"href":"https:\/\/marlenscharf.com\/en\/wp-json\/wp\/v2\/product_brand?post=1985"},{"taxonomy":"product_cat","embeddable":true,"href":"https:\/\/marlenscharf.com\/en\/wp-json\/wp\/v2\/product_cat?post=1985"},{"taxonomy":"product_tag","embeddable":true,"href":"https:\/\/marlenscharf.com\/en\/wp-json\/wp\/v2\/product_tag?post=1985"}],"curies":[{"name":"wp","href":"https:\/\/api.w.org\/{rel}","templated":true}]}}